{"id":3606,"date":"2026-02-03T15:51:03","date_gmt":"2026-02-03T15:51:03","guid":{"rendered":"https:\/\/kirusafariexperience.com\/contact\/"},"modified":"2026-03-07T15:34:39","modified_gmt":"2026-03-07T15:34:39","slug":"contact","status":"publish","type":"page","link":"https:\/\/kirusafariexperience.com\/es_es\/contact\/","title":{"rendered":"Contacto"},"content":{"rendered":"\t\t<div data-elementor-type=\"wp-page\" data-elementor-id=\"3606\" class=\"elementor elementor-3606\">\n\t\t\t\t<div class=\"elementor-element elementor-element-696749e e-flex e-con-boxed wpr-particle-no wpr-jarallax-no wpr-parallax-no wpr-sticky-section-no e-con e-parent\" data-id=\"696749e\" data-element_type=\"container\" data-e-type=\"container\" data-settings=\"{&quot;background_background&quot;:&quot;classic&quot;}\">\n\t\t\t\t\t<div class=\"e-con-inner\">\n\t\t\t\t<div class=\"elementor-element elementor-element-1bc1a7f elementor-widget elementor-widget-heading\" data-id=\"1bc1a7f\" data-element_type=\"widget\" data-e-type=\"widget\" data-widget_type=\"heading.default\">\n\t\t\t\t<div class=\"elementor-widget-container\">\n\t\t\t\t\t<h2 class=\"elementor-heading-title elementor-size-default\">Contacto Kiru Safari Experience<\/h2>\t\t\t\t<\/div>\n\t\t\t\t<\/div>\n\t\t\t\t<div class=\"elementor-element elementor-element-65ea80d elementor-widget elementor-widget-heading\" data-id=\"65ea80d\" data-element_type=\"widget\" data-e-type=\"widget\" data-widget_type=\"heading.default\">\n\t\t\t\t<div class=\"elementor-widget-container\">\n\t\t\t\t\t<h2 class=\"elementor-heading-title elementor-size-default\">\u00bfHablamos?<\/h2>\t\t\t\t<\/div>\n\t\t\t\t<\/div>\n\t\t\t\t\t<\/div>\n\t\t\t\t<\/div>\n\t\t<div class=\"elementor-element elementor-element-0835ad5 e-grid e-con-boxed wpr-particle-no wpr-jarallax-no wpr-parallax-no wpr-sticky-section-no e-con e-parent\" data-id=\"0835ad5\" data-element_type=\"container\" data-e-type=\"container\" data-settings=\"{&quot;background_background&quot;:&quot;classic&quot;}\">\n\t\t\t\t\t<div class=\"e-con-inner\">\n\t\t\t\t<div class=\"elementor-element elementor-element-ba7bc1d elementor-widget elementor-widget-heading\" data-id=\"ba7bc1d\" data-element_type=\"widget\" data-e-type=\"widget\" data-widget_type=\"heading.default\">\n\t\t\t\t<div class=\"elementor-widget-container\">\n\t\t\t\t\t<h2 class=\"elementor-heading-title elementor-size-default\">Tu safari comienza con una simple conversaci\u00f3n<\/h2>\t\t\t\t<\/div>\n\t\t\t\t<\/div>\n\t\t<div class=\"elementor-element elementor-element-f9c4ea0 e-grid e-con-full wpr-particle-no wpr-jarallax-no wpr-parallax-no wpr-sticky-section-no e-con e-child\" data-id=\"f9c4ea0\" data-element_type=\"container\" data-e-type=\"container\">\n\t\t\t\t<div class=\"elementor-element elementor-element-47b9a70 elementor-widget elementor-widget-text-editor\" data-id=\"47b9a70\" data-element_type=\"widget\" data-e-type=\"widget\" data-widget_type=\"text-editor.default\">\n\t\t\t\t<div class=\"elementor-widget-container\">\n\t\t\t\t\t\t\t\t\t<p>Cu\u00e9ntanos tus ideas y juntos dise\u00f1aremos tu <strong data-start=\"505\" data-end=\"554\">safari a medida en Tanzania y \u00c1frica Oriental<\/strong>. Cada experiencia es \u00fanica y creada para adaptarse a tus expectativas, estilo de viaje y presupuesto.<\/p>\t\t\t\t\t\t\t\t<\/div>\n\t\t\t\t<\/div>\n\t\t\t\t<\/div>\n\t\t\t\t<div class=\"elementor-element elementor-element-08adda9 elementor-widget elementor-widget-text-editor\" data-id=\"08adda9\" data-element_type=\"widget\" data-e-type=\"widget\" data-widget_type=\"text-editor.default\">\n\t\t\t\t<div class=\"elementor-widget-container\">\n\t\t\t\t\t\t\t\t\t<div class=\"wpforms-container wpforms-render-modern\" id=\"wpforms-4771\"><form id=\"wpforms-form-4771\" class=\"wpforms-validate wpforms-form wpforms-ajax-form\" data-formid=\"4771\" method=\"post\" enctype=\"multipart\/form-data\" action=\"\/es_es\/wp-json\/wp\/v2\/pages\/3606\" data-token=\"55ee61a4a73e645f88d6d2904e381d64\" data-token-time=\"1776441618\"><noscript class=\"wpforms-error-noscript\">Por favor, activa JavaScript en tu navegador para completar este formulario.<\/noscript><div id=\"wpforms-error-noscript\" style=\"display: none;\">Por favor, activa JavaScript en tu navegador para completar este formulario.<\/div><div class=\"wpforms-field-container\"><div id=\"wpforms-4771-field_1-container\" class=\"wpforms-field wpforms-field-name\" data-field-id=\"1\"><fieldset><legend class=\"wpforms-field-label\">Nombre <span class=\"wpforms-required-label\" aria-hidden=\"true\">*<\/span><\/legend><div class=\"wpforms-field-row wpforms-field-medium\"><div class=\"wpforms-field-row-block wpforms-first wpforms-one-half\"><input type=\"text\" id=\"wpforms-4771-field_1\" class=\"wpforms-field-name-first wpforms-field-required\" name=\"wpforms[fields][1][first]\" aria-errormessage=\"wpforms-4771-field_1-error\" required><label for=\"wpforms-4771-field_1\" class=\"wpforms-field-sublabel after\">Nombre<\/label><\/div><div class=\"wpforms-field-row-block wpforms-one-half\"><input type=\"text\" id=\"wpforms-4771-field_1-last\" class=\"wpforms-field-name-last wpforms-field-required\" name=\"wpforms[fields][1][last]\" aria-errormessage=\"wpforms-4771-field_1-last-error\" required><label for=\"wpforms-4771-field_1-last\" class=\"wpforms-field-sublabel after\">Apellidos<\/label><\/div><\/div><\/fieldset><\/div><div id=\"wpforms-4771-field_8-container\" class=\"wpforms-field wpforms-field-email\" data-field-id=\"8\"><label class=\"wpforms-field-label\" for=\"wpforms-4771-field_8\">Email <span class=\"wpforms-required-label\" aria-hidden=\"true\">*<\/span><\/label><input type=\"email\" id=\"wpforms-4771-field_8\" class=\"wpforms-field-medium wpforms-field-required\" name=\"wpforms[fields][8]\" spellcheck=\"false\" aria-errormessage=\"wpforms-4771-field_8-error\" required><\/div><div id=\"wpforms-4771-field_9-container\" class=\"wpforms-field wpforms-field-number\" data-field-id=\"9\"><label class=\"wpforms-field-label\" for=\"wpforms-4771-field_9\">Tel\u00e9fono de contacto<\/label><input type=\"number\" id=\"wpforms-4771-field_9\" class=\"wpforms-field-medium\" name=\"wpforms[fields][9]\" step=\"any\" aria-errormessage=\"wpforms-4771-field_9-error\" ><\/div>\t\t<div id=\"wpforms-4771-field_2-container\"\n\t\t\tclass=\"wpforms-field wpforms-field-text\"\n\t\t\tdata-field-type=\"text\"\n\t\t\tdata-field-id=\"2\"\n\t\t\t>\n\t\t\t<label class=\"wpforms-field-label\" for=\"wpforms-4771-field_2\" >tienes Tipo viaje<\/label>\n\t\t\t<input type=\"text\" id=\"wpforms-4771-field_2\" class=\"wpforms-field-medium\" name=\"wpforms[fields][2]\" >\n\t\t<\/div>\n\t\t<div id=\"wpforms-4771-field_6-container\" class=\"wpforms-field wpforms-field-select wpforms-field-select-style-classic\" data-field-id=\"6\"><label class=\"wpforms-field-label\" for=\"wpforms-4771-field_6\">Tipo de viaje<\/label><select id=\"wpforms-4771-field_6\" class=\"wpforms-field-medium\" name=\"wpforms[fields][6]\"><option value=\"Safari Tanzania\"  class=\"choice-4 depth-1\"  >Safari Tanzania<\/option><option value=\"Safari Kenia\"  class=\"choice-1 depth-1\"  >Safari Kenia<\/option><option value=\"Luna de Miel\"  class=\"choice-2 depth-1\"  >Luna de Miel<\/option><option value=\"Vieja en Familia\"  class=\"choice-3 depth-1\"  >Vieja en Familia<\/option><option value=\"Safari y Zanzibar\"  class=\"choice-5 depth-1\"  >Safari y Zanzibar<\/option><option value=\"No lo tengo a\u00fan claro\"  class=\"choice-6 depth-1\"  >No lo tengo a\u00fan claro<\/option><\/select><\/div><div id=\"wpforms-4771-field_7-container\" class=\"wpforms-field wpforms-field-textarea\" data-field-id=\"7\"><label class=\"wpforms-field-label\" for=\"wpforms-4771-field_7\">Dinos qu\u00e9 viaje tienes en mente <span class=\"wpforms-required-label\" aria-hidden=\"true\">*<\/span><\/label><textarea id=\"wpforms-4771-field_7\" class=\"wpforms-field-medium wpforms-field-required\" name=\"wpforms[fields][7]\" aria-errormessage=\"wpforms-4771-field_7-error\" required><\/textarea><\/div><script>\n\t\t\t\t( function() {\n\t\t\t\t\tconst style = document.createElement( 'style' );\n\t\t\t\t\tstyle.appendChild( document.createTextNode( '#wpforms-4771-field_2-container { position: absolute !important; overflow: hidden !important; display: inline !important; height: 1px !important; width: 1px !important; z-index: -1000 !important; padding: 0 !important; } #wpforms-4771-field_2-container input { visibility: hidden; } #wpforms-conversational-form-page #wpforms-4771-field_2-container label { counter-increment: none; }' ) );\n\t\t\t\t\tdocument.head.appendChild( style );\n\t\t\t\t\tdocument.currentScript?.remove();\n\t\t\t\t} )();\n\t\t\t<\/script><\/div><!-- .wpforms-field-container --><div class=\"wpforms-submit-container\" ><input type=\"hidden\" name=\"wpforms[id]\" value=\"4771\"><input type=\"hidden\" name=\"page_title\" value=\"\"><input type=\"hidden\" name=\"page_url\" value=\"https:\/\/kirusafariexperience.com\/es_es\/wp-json\/wp\/v2\/pages\/3606\"><input type=\"hidden\" name=\"url_referer\" value=\"\"><button type=\"submit\" name=\"wpforms[submit]\" id=\"wpforms-submit-4771\" class=\"wpforms-submit\" data-alt-text=\"Enviando tu mensaje\u2026\" data-submit-text=\"Enviar mi consulta\" aria-live=\"assertive\" value=\"wpforms-submit\">Enviar mi consulta<\/button><img decoding=\"async\" src=\"https:\/\/kirusafariexperience.com\/wp-content\/plugins\/wpforms-lite\/assets\/images\/submit-spin.svg\" class=\"wpforms-submit-spinner\" style=\"display: none;\" width=\"26\" height=\"26\" alt=\"Cargando\"><\/div><\/form><\/div>  <!-- .wpforms-container -->\t\t\t\t\t\t\t\t<\/div>\n\t\t\t\t<\/div>\n\t\t\t\t\t<\/div>\n\t\t\t\t<\/div>\n\t\t<div class=\"elementor-element elementor-element-347a0e8 e-grid e-con-boxed wpr-particle-no wpr-jarallax-no wpr-parallax-no wpr-sticky-section-no e-con e-parent\" data-id=\"347a0e8\" data-element_type=\"container\" data-e-type=\"container\" data-settings=\"{&quot;background_background&quot;:&quot;classic&quot;}\">\n\t\t\t\t\t<div class=\"e-con-inner\">\n\t\t\t\t<div class=\"elementor-element elementor-element-b937e38 elementor-widget elementor-widget-text-editor\" data-id=\"b937e38\" data-element_type=\"widget\" data-e-type=\"widget\" data-widget_type=\"text-editor.default\">\n\t\t\t\t<div class=\"elementor-widget-container\">\n\t\t\t\t\t\t\t\t\t<h5 data-start=\"889\" data-end=\"956\">Un safari no es solo un viaje \u2014 es una experiencia que deja huella.<\/h5><h5 data-start=\"958\" data-end=\"1099\">Te acompa\u00f1amos en cada etapa, desde la planificaci\u00f3n hasta el regreso, garantizando un viaje aut\u00e9ntico, seguro y completamente personalizado.<\/h5>\t\t\t\t\t\t\t\t<\/div>\n\t\t\t\t<\/div>\n\t\t\t\t<div class=\"elementor-element elementor-element-44cee2a elementor-widget elementor-widget-text-editor\" data-id=\"44cee2a\" data-element_type=\"widget\" data-e-type=\"widget\" data-widget_type=\"text-editor.default\">\n\t\t\t\t<div class=\"elementor-widget-container\">\n\t\t\t\t\t\t\t\t\t<h5 data-start=\"889\" data-end=\"956\">Dise\u00f1a tu safari con nosotros hoy mismo.<\/h5>\t\t\t\t\t\t\t\t<\/div>\n\t\t\t\t<\/div>\n\t\t\t\t<div class=\"elementor-element elementor-element-b1bd20b elementor-align-center elementor-widget elementor-widget-button\" data-id=\"b1bd20b\" data-element_type=\"widget\" data-e-type=\"widget\" data-widget_type=\"button.default\">\n\t\t\t\t<div class=\"elementor-widget-container\">\n\t\t\t\t\t\t\t\t\t<div class=\"elementor-button-wrapper\">\n\t\t\t\t\t<a class=\"elementor-button elementor-button-link elementor-size-sm\" href=\"#\">\n\t\t\t\t\t\t<span class=\"elementor-button-content-wrapper\">\n\t\t\t\t\t\t\t\t\t<span class=\"elementor-button-text\">\u00bfHablamos?<\/span>\n\t\t\t\t\t<\/span>\n\t\t\t\t\t<\/a>\n\t\t\t\t<\/div>\n\t\t\t\t\t\t\t\t<\/div>\n\t\t\t\t<\/div>\n\t\t\t\t\t<\/div>\n\t\t\t\t<\/div>\n\t\t<div class=\"elementor-element elementor-element-ac8bccf e-grid e-con-boxed wpr-particle-no wpr-jarallax-no wpr-parallax-no wpr-sticky-section-no e-con e-parent\" data-id=\"ac8bccf\" data-element_type=\"container\" data-e-type=\"container\" data-settings=\"{&quot;background_background&quot;:&quot;slideshow&quot;,&quot;background_slideshow_gallery&quot;:[{&quot;id&quot;:4758,&quot;url&quot;:&quot;https:\\\/\\\/kirusafariexperience.com\\\/wp-content\\\/uploads\\\/2026\\\/02\\\/pexels-photo-4704761-4704761.jpg&quot;},{&quot;id&quot;:4752,&quot;url&quot;:&quot;https:\\\/\\\/kirusafariexperience.com\\\/wp-content\\\/uploads\\\/2026\\\/02\\\/pexels-photo-16045000-16045000-scaled.jpg&quot;},{&quot;id&quot;:4703,&quot;url&quot;:&quot;https:\\\/\\\/kirusafariexperience.com\\\/wp-content\\\/uploads\\\/2026\\\/02\\\/DSC_0586.jpg&quot;},{&quot;id&quot;:4853,&quot;url&quot;:&quot;https:\\\/\\\/kirusafariexperience.com\\\/wp-content\\\/uploads\\\/2026\\\/02\\\/89bad3fc-aa0c-474c-87a5-cd1aeae64a60-1.jpg&quot;},{&quot;id&quot;:4754,&quot;url&quot;:&quot;https:\\\/\\\/kirusafariexperience.com\\\/wp-content\\\/uploads\\\/2026\\\/02\\\/pexels-photo-8341082-8341082-scaled.jpg&quot;},{&quot;id&quot;:4702,&quot;url&quot;:&quot;https:\\\/\\\/kirusafariexperience.com\\\/wp-content\\\/uploads\\\/2026\\\/02\\\/DSC_30479.jpg&quot;},{&quot;id&quot;:4673,&quot;url&quot;:&quot;https:\\\/\\\/kirusafariexperience.com\\\/wp-content\\\/uploads\\\/2026\\\/02\\\/DSC_40013.jpg&quot;},{&quot;id&quot;:4592,&quot;url&quot;:&quot;https:\\\/\\\/kirusafariexperience.com\\\/wp-content\\\/uploads\\\/2026\\\/02\\\/pexels-photo-16044994-16044994.jpg&quot;}],&quot;background_slideshow_loop&quot;:&quot;yes&quot;,&quot;background_slideshow_slide_duration&quot;:5000,&quot;background_slideshow_slide_transition&quot;:&quot;fade&quot;,&quot;background_slideshow_transition_duration&quot;:500}\">\n\t\t\t\t\t<div class=\"e-con-inner\">\n\t\t\t\t<div class=\"elementor-element elementor-element-50ca1a9 elementor-widget elementor-widget-image\" data-id=\"50ca1a9\" data-element_type=\"widget\" data-e-type=\"widget\" data-widget_type=\"image.default\">\n\t\t\t\t<div class=\"elementor-widget-container\">\n\t\t\t\t\t\t\t\t\t\t\t\t\t\t\t<img decoding=\"async\" width=\"150\" height=\"150\" src=\"https:\/\/kirusafariexperience.com\/wp-content\/uploads\/2026\/02\/KIRU-blanco-sin-fondo_Alta-2-scaled-150x150.png\" class=\"attachment-thumbnail size-thumbnail wp-image-4508\" alt=\"kiru blanco sin fondo alta\" srcset=\"https:\/\/kirusafariexperience.com\/wp-content\/uploads\/2026\/02\/KIRU-blanco-sin-fondo_Alta-2-scaled-150x150.png 150w, https:\/\/kirusafariexperience.com\/wp-content\/uploads\/2026\/02\/KIRU-blanco-sin-fondo_Alta-2-scaled-300x300.png 300w, https:\/\/kirusafariexperience.com\/wp-content\/uploads\/2026\/02\/KIRU-blanco-sin-fondo_Alta-2-scaled-1024x1024.png 1024w, https:\/\/kirusafariexperience.com\/wp-content\/uploads\/2026\/02\/KIRU-blanco-sin-fondo_Alta-2-scaled-768x768.png 768w, https:\/\/kirusafariexperience.com\/wp-content\/uploads\/2026\/02\/KIRU-blanco-sin-fondo_Alta-2-scaled-1536x1536.png 1536w, https:\/\/kirusafariexperience.com\/wp-content\/uploads\/2026\/02\/KIRU-blanco-sin-fondo_Alta-2-scaled-2048x2048.png 2048w, https:\/\/kirusafariexperience.com\/wp-content\/uploads\/2026\/02\/KIRU-blanco-sin-fondo_Alta-2-scaled-12x12.png 12w, https:\/\/kirusafariexperience.com\/wp-content\/uploads\/2026\/02\/KIRU-blanco-sin-fondo_Alta-2-scaled-120x120.png 120w\" sizes=\"(max-width: 150px) 100vw, 150px\" \/>\t\t\t\t\t\t\t\t\t\t\t\t\t\t\t<\/div>\n\t\t\t\t<\/div>\n\t\t\t\t\t<\/div>\n\t\t\t\t<\/div>\n\t\t\t\t<\/div>\n\t\t","protected":false},"excerpt":{"rendered":"<p>Contacto Kiru Safari Experience \u00bfHablamos? Tu safari comienza con una simple conversaci\u00f3n Cu\u00e9ntanos tus ideas y juntos dise\u00f1aremos tu safari a medida en Tanzania y \u00c1frica Oriental. Cada experiencia es \u00fanica y creada para adaptarse a tus expectativas, estilo de viaje y presupuesto. Un safari no es solo un viaje \u2014 es una experiencia que deja huella. Te acompa\u00f1amos en cada etapa, desde la planificaci\u00f3n hasta el regreso, garantizando un viaje aut\u00e9ntico, seguro y completamente personalizado. Dise\u00f1a tu safari con nosotros hoy mismo. \u00bfHablamos?<\/p>\n","protected":false},"author":1,"featured_media":0,"parent":0,"menu_order":0,"comment_status":"closed","ping_status":"closed","template":"","meta":{"om_disable_all_campaigns":false,"_monsterinsights_skip_tracking":false,"_monsterinsights_sitenote_active":false,"_monsterinsights_sitenote_note":"","_monsterinsights_sitenote_category":0,"site-sidebar-layout":"no-sidebar","site-content-layout":"page-builder","ast-site-content-layout":"default","site-content-style":"default","site-sidebar-style":"default","ast-global-header-display":"","ast-banner-title-visibility":"","ast-main-header-display":"","ast-hfb-above-header-display":"","ast-hfb-below-header-display":"","ast-hfb-mobile-header-display":"","site-post-title":"disabled","ast-breadcrumbs-content":"","ast-featured-img":"disabled","footer-sml-layout":"","ast-disable-related-posts":"","theme-transparent-header-meta":"enabled","adv-header-id-meta":"","stick-header-meta":"","header-above-stick-meta":"","header-main-stick-meta":"","header-below-stick-meta":"","astra-migrate-meta-layouts":"default","ast-page-background-enabled":"default","ast-page-background-meta":{"desktop":{"background-color":"var(--ast-global-color-4)","background-image":"","background-repeat":"repeat","background-position":"center center","background-size":"auto","background-attachment":"scroll","background-type":"","background-media":"","overlay-type":"","overlay-color":"","overlay-opacity":"","overlay-gradient":""},"tablet":{"background-color":"","background-image":"","background-repeat":"repeat","background-position":"center center","background-size":"auto","background-attachment":"scroll","background-type":"","background-media":"","overlay-type":"","overlay-color":"","overlay-opacity":"","overlay-gradient":""},"mobile":{"background-color":"","background-image":"","background-repeat":"repeat","background-position":"center center","background-size":"auto","background-attachment":"scroll","background-type":"","background-media":"","overlay-type":"","overlay-color":"","overlay-opacity":"","overlay-gradient":""}},"ast-content-background-meta":{"desktop":{"background-color":"var(--ast-global-color-5)","background-image":"","background-repeat":"repeat","background-position":"center center","background-size":"auto","background-attachment":"scroll","background-type":"","background-media":"","overlay-type":"","overlay-color":"","overlay-opacity":"","overlay-gradient":""},"tablet":{"background-color":"var(--ast-global-color-5)","background-image":"","background-repeat":"repeat","background-position":"center center","background-size":"auto","background-attachment":"scroll","background-type":"","background-media":"","overlay-type":"","overlay-color":"","overlay-opacity":"","overlay-gradient":""},"mobile":{"background-color":"var(--ast-global-color-5)","background-image":"","background-repeat":"repeat","background-position":"center center","background-size":"auto","background-attachment":"scroll","background-type":"","background-media":"","overlay-type":"","overlay-color":"","overlay-opacity":"","overlay-gradient":""}},"footnotes":""},"class_list":["post-3606","page","type-page","status-publish","hentry"],"aioseo_notices":[],"_links":{"self":[{"href":"https:\/\/kirusafariexperience.com\/es_es\/wp-json\/wp\/v2\/pages\/3606","targetHints":{"allow":["GET"]}}],"collection":[{"href":"https:\/\/kirusafariexperience.com\/es_es\/wp-json\/wp\/v2\/pages"}],"about":[{"href":"https:\/\/kirusafariexperience.com\/es_es\/wp-json\/wp\/v2\/types\/page"}],"author":[{"embeddable":true,"href":"https:\/\/kirusafariexperience.com\/es_es\/wp-json\/wp\/v2\/users\/1"}],"replies":[{"embeddable":true,"href":"https:\/\/kirusafariexperience.com\/es_es\/wp-json\/wp\/v2\/comments?post=3606"}],"version-history":[{"count":48,"href":"https:\/\/kirusafariexperience.com\/es_es\/wp-json\/wp\/v2\/pages\/3606\/revisions"}],"predecessor-version":[{"id":5211,"href":"https:\/\/kirusafariexperience.com\/es_es\/wp-json\/wp\/v2\/pages\/3606\/revisions\/5211"}],"wp:attachment":[{"href":"https:\/\/kirusafariexperience.com\/es_es\/wp-json\/wp\/v2\/media?parent=3606"}],"curies":[{"name":"wp","href":"https:\/\/api.w.org\/{rel}","templated":true}]}}